{"id":79,"date":"2021-05-18T12:37:41","date_gmt":"2021-05-18T12:37:41","guid":{"rendered":"https:\/\/guadalhorceacademia.com\/index.php\/academics\/"},"modified":"2023-09-01T19:57:55","modified_gmt":"2023-09-01T17:57:55","slug":"academics","status":"publish","type":"page","link":"https:\/\/guadalhorceacademia.com\/index.php\/academics\/","title":{"rendered":"Academia"},"content":{"rendered":"\n<div class=\"wp-block-uagb-container uagb-block-09560b63 alignfull uagb-is-root-container\"><div class=\"uagb-container-inner-blocks-wrap\">\n<div class=\"wp-block-uagb-advanced-heading uagb-block-3e76d9bf\"><h2 class=\"uagb-heading-text\">Nuestro compromiso con la excelencia<\/h2><\/div>\n<\/div><\/div>\n\n\n\n<div class=\"wp-block-uagb-container uagb-block-cf12bdd8 alignfull uagb-is-root-container\"><div class=\"uagb-container-inner-blocks-wrap\">\n<div class=\"wp-block-uagb-advanced-heading uagb-block-6947840c\"><h2 class=\"uagb-heading-text\">Comprometida con nuestro alumnado<\/h2><\/div>\n\n\n\n<div class=\"wp-block-uagb-container uagb-block-1940c853\">\n<p style=\"font-size:20px\">\u00a1Bienvenidos a nuestra academia de refuerzo educativo integral! En nuestra instituci\u00f3n, nos apasiona desbloquear el m\u00e1ximo potencial de cada estudiante en su viaje educativo. Nuestro compromiso es brindar un apoyo s\u00f3lido para alumnos de educaci\u00f3n primaria y secundaria, ofreciendo clases personalizadas que fortalecen las bases acad\u00e9micas y fomentan la confianza en el aprendizaje.<\/p>\n\n\n\n<p style=\"font-size:20px\">Adem\u00e1s, ofrecemos programas especializados para la formaci\u00f3n en ingl\u00e9s, proporcionando las herramientas ling\u00fc\u00edsticas necesarias para un mundo globalizado. Nuestros experimentados instructores no solo ense\u00f1an el idioma, sino que tambi\u00e9n inspiran a los estudiantes a comunicarse con fluidez y confianza.<\/p>\n\n\n\n<p style=\"font-size:20px\">Preparamos a los estudiantes para enfrentar desaf\u00edos futuros al ofrecer cursos intensivos de preparaci\u00f3n para las pruebas de titulaci\u00f3n en ESO, acceso a grado medio y superior, y acceso al ej\u00e9rcito. Nuestra metodolog\u00eda probada, y recursos de vanguardia, aseguran que cada estudiante est\u00e9 listo no solo para aprobar, \u00a1sino para sobresalir en estas importantes pruebas!<\/p>\n\n\n\n<p style=\"font-size:20px\">En nuestra academia, el \u00e9xito de nuestros estudiantes es nuestro \u00e9xito. Estamos dedicados a nutrir mentes curiosas, cultivar el amor por el aprendizaje y brindar el apoyo necesario para que cada alumno alcance sus metas educativas y profesionales. \u00danete a nosotros mientras trabajamos juntos para construir un futuro brillante y lleno de oportunidades para nuestros estudiantes.<\/p>\n<\/div>\n<\/div><\/div>\n\n\n\n<div class=\"wp-block-uagb-container uagb-block-d3d31aa6 alignfull uagb-is-root-container\"><div class=\"uagb-container-inner-blocks-wrap\">\n<div class=\"wp-block-uagb-info-box uagb-block-babf6c18 uagb-infobox__content-wrap  uagb-infobox-icon-left uagb-infobox-left uagb-infobox-stacked-mobile uagb-infobox-image-valign-middle\"><div class=\"uagb-ifb-image-content\"><img decoding=\"async\" src=\"http:\/\/guadalhorceacademia.com\/wp-content\/uploads\/2023\/08\/Absolute_Reality_v16_Create_a_realistic_graphic_representation_0-231x300.jpg\" alt=\"\" width=\"231\" height=\"300\" loading=\"lazy\"\/><\/div><div class=\"uagb-ifb-content\"><div class=\"uagb-ifb-title-wrap\"><h3 class=\"uagb-ifb-title\">Apoyo Educativo Primaria y Secundaria<\/h3><\/div><p class=\"uagb-ifb-desc\">Fortaleciendo fundamentos, construyendo futuros. Nuestro programa de refuerzo educativo en primaria y secundaria impulsa el \u00e9xito acad\u00e9mico \u00fanico de cada estudiante, a trav\u00e9s de apoyo personalizado y ense\u00f1anza comprometida.<\/p><\/div><\/div>\n\n\n\n<div class=\"wp-block-uagb-info-box uagb-block-cdcfcab7 uagb-infobox__content-wrap  uagb-infobox-icon-left uagb-infobox-left uagb-infobox-stacked-mobile uagb-infobox-image-valign-middle\"><div class=\"uagb-ifb-image-content\"><img decoding=\"async\" src=\"http:\/\/guadalhorceacademia.com\/wp-content\/uploads\/2023\/08\/DreamShaper_v7_Create_an_illustration_in_a_watercolor_style_de_1-231x300.jpg\" alt=\"\" width=\"231\" height=\"300\" loading=\"lazy\"\/><\/div><div class=\"uagb-ifb-content\"><div class=\"uagb-ifb-title-wrap\"><h3 class=\"uagb-ifb-title\">B1 y B2 ingl\u00e9s<\/h3><\/div><p class=\"uagb-ifb-desc\">Tu camino hacia la fluidez en ingl\u00e9s comienza aqu\u00ed. Nuestra preparaci\u00f3n para las certificaciones B1 y B2 te brinda las habilidades y la confianza necesarias para dominar el idioma ingl\u00e9s. Con enfoque en resultados y recursos de calidad, te guiamos hacia el \u00e9xito ling\u00fc\u00edstico.<\/p><\/div><\/div>\n\n\n\n<div class=\"wp-block-uagb-info-box uagb-block-b362288b uagb-infobox__content-wrap  uagb-infobox-icon-left uagb-infobox-left uagb-infobox-stacked-mobile uagb-infobox-image-valign-middle\"><div class=\"uagb-ifb-image-content\"><img decoding=\"async\" src=\"http:\/\/guadalhorceacademia.com\/wp-content\/uploads\/2023\/08\/Leonardo_Diffusion_Create_a_watercolor_illustration_featuring_1-300x300.jpg\" alt=\"\" width=\"300\" height=\"300\" loading=\"lazy\"\/><\/div><div class=\"uagb-ifb-content\"><div class=\"uagb-ifb-title-wrap\"><h3 class=\"uagb-ifb-title\">Pruebas libres<\/h3><\/div><p class=\"uagb-ifb-desc\">Forjando tu acceso al \u00e9xito educativo. Nuestro programa te prepara para las pruebas de ingreso a grado medio, superior y universidad, as\u00ed como para la obtenci\u00f3n del t\u00edtulo de la ESO a trav\u00e9s de la prueba libre. Con orientaci\u00f3n especializada y recursos integrales, allanamos el camino hacia tus metas acad\u00e9micas.<\/p><\/div><\/div>\n\n\n\n<div class=\"wp-block-uagb-info-box uagb-block-b6280ae8 uagb-infobox__content-wrap  uagb-infobox-icon-left uagb-infobox-left uagb-infobox-stacked-mobile uagb-infobox-image-valign-middle\"><div class=\"uagb-ifb-image-content\"><img decoding=\"async\" src=\"http:\/\/guadalhorceacademia.com\/wp-content\/uploads\/2023\/08\/DreamShaper_v7_Create_an_illustration_in_a_watercolorstyle_dep_1-231x300.jpg\" alt=\"\" width=\"231\" height=\"300\" loading=\"lazy\"\/><\/div><div class=\"uagb-ifb-content\"><div class=\"uagb-ifb-title-wrap\"><h3 class=\"uagb-ifb-title\">Acceso al ej\u00e9rcito<\/h3><\/div><p class=\"uagb-ifb-desc\">Listos para el desaf\u00edo militar. Nuestro programa de preparaci\u00f3n para la prueba te\u00f3rica de acceso al ej\u00e9rcito te brinda el conocimiento y la confianza necesarios para superar este paso crucial. Con enfoque en el \u00e9xito y recursos especializados, te acompa\u00f1amos en tu camino hacia una carrera en las fuerzas armadas.<\/p><\/div><\/div>\n\n\n\n<div class=\"wp-block-uagb-info-box uagb-block-42bb0f20 uagb-infobox__content-wrap  uagb-infobox-icon-left uagb-infobox-left uagb-infobox-stacked-mobile uagb-infobox-image-valign-middle\"><div class=\"uagb-ifb-image-content\"><img decoding=\"async\" src=\"http:\/\/guadalhorceacademia.com\/wp-content\/uploads\/2023\/08\/DreamShaper_v7_Create_an_illustration_in_watercolorstyle_that_1-300x300.jpg\" alt=\"\" width=\"300\" height=\"300\" loading=\"lazy\"\/><\/div><div class=\"uagb-ifb-content\"><div class=\"uagb-ifb-title-wrap\"><h3 class=\"uagb-ifb-title\">Talleres<\/h3><\/div><p class=\"uagb-ifb-desc\">Potenciando tus habilidades m\u00e1s all\u00e1 del aula. Nuestros talleres abarcan desde la organizaci\u00f3n del tiempo y el estudio hasta el control de adicciones a nuevas tecnolog\u00edas, orientaci\u00f3n acad\u00e9mica y desaf\u00edos educativos comunes. Te proporcionamos herramientas pr\u00e1cticas y orientaci\u00f3n para un crecimiento integral y un \u00e9xito sostenible.<\/p><\/div><\/div>\n<\/div><\/div>\n\n\n\n<div class=\"wp-block-uagb-container uagb-block-2873946c alignfull uagb-is-root-container\"><div class=\"uagb-container-inner-blocks-wrap\">\n<div class=\"wp-block-uagb-advanced-heading uagb-block-473a1bbe\"><h6 class=\"uagb-heading-text\">TE ESPERAMOS<\/h6><\/div>\n<\/div><\/div>\n","protected":false},"excerpt":{"rendered":"<p>Nuestro compromiso con la excelencia Comprometida con nuestro alumnado \u00a1Bienvenidos a nuestra academia de refuerzo educativo integral! En nuestra instituci\u00f3n, nos apasiona desbloquear el m\u00e1ximo potencial de cada estudiante en su viaje educativo. Nuestro compromiso es brindar un apoyo s\u00f3lido para alumnos de educaci\u00f3n primaria y secundaria, ofreciendo clases personalizadas que fortalecen las bases acad\u00e9micas &hellip;<\/p>\n<p class=\"read-more\"> <a class=\"\" href=\"https:\/\/guadalhorceacademia.com\/index.php\/academics\/\"> <span class=\"screen-reader-text\">Academia<\/span> Leer m\u00e1s &raquo;<\/a><\/p>\n","protected":false},"author":1,"featured_media":0,"parent":0,"menu_order":0,"comment_status":"closed","ping_status":"closed","template":"","meta":{"_uag_custom_page_level_css":"","site-sidebar-layout":"no-sidebar","site-content-layout":"plain-container","ast-site-content-layout":"normal-width-container","site-content-style":"unboxed","site-sidebar-style":"unboxed","ast-global-header-display":"","ast-banner-title-visibility":"","ast-main-header-display":"","ast-hfb-above-header-display":"","ast-hfb-below-header-display":"","ast-hfb-mobile-header-display":"","site-post-title":"disabled","ast-breadcrumbs-content":"","ast-featured-img":"","footer-sml-layout":"","theme-transparent-header-meta":"default","adv-header-id-meta":"","stick-header-meta":"","header-above-stick-meta":"","header-main-stick-meta":"","header-below-stick-meta":"","astra-migrate-meta-layouts":"set","footnotes":""},"uagb_featured_image_src":{"full":false,"thumbnail":false,"medium":false,"medium_large":false,"large":false,"1536x1536":false,"2048x2048":false},"uagb_author_info":{"display_name":"guadalhorceacademia.com","author_link":"https:\/\/guadalhorceacademia.com\/index.php\/author\/guadalhorceacademia-com\/"},"uagb_comment_info":0,"uagb_excerpt":"Nuestro compromiso con la excelencia Comprometida con nuestro alumnado \u00a1Bienvenidos a nuestra academia de refuerzo educativo integral! En nuestra instituci\u00f3n, nos apasiona desbloquear el m\u00e1ximo potencial de cada estudiante en su viaje educativo. Nuestro compromiso es brindar un apoyo s\u00f3lido para alumnos de educaci\u00f3n primaria y secundaria, ofreciendo clases personalizadas que fortalecen las bases acad\u00e9micas&hellip;","_links":{"self":[{"href":"https:\/\/guadalhorceacademia.com\/index.php\/wp-json\/wp\/v2\/pages\/79"}],"collection":[{"href":"https:\/\/guadalhorceacademia.com\/index.php\/wp-json\/wp\/v2\/pages"}],"about":[{"href":"https:\/\/guadalhorceacademia.com\/index.php\/wp-json\/wp\/v2\/types\/page"}],"author":[{"embeddable":true,"href":"https:\/\/guadalhorceacademia.com\/index.php\/wp-json\/wp\/v2\/users\/1"}],"replies":[{"embeddable":true,"href":"https:\/\/guadalhorceacademia.com\/index.php\/wp-json\/wp\/v2\/comments?post=79"}],"version-history":[{"count":11,"href":"https:\/\/guadalhorceacademia.com\/index.php\/wp-json\/wp\/v2\/pages\/79\/revisions"}],"predecessor-version":[{"id":910,"href":"https:\/\/guadalhorceacademia.com\/index.php\/wp-json\/wp\/v2\/pages\/79\/revisions\/910"}],"wp:attachment":[{"href":"https:\/\/guadalhorceacademia.com\/index.php\/wp-json\/wp\/v2\/media?parent=79"}],"curies":[{"name":"wp","href":"https:\/\/api.w.org\/{rel}","templated":true}]}}