{"id":62,"date":"2021-05-18T12:24:24","date_gmt":"2021-05-18T10:24:24","guid":{"rendered":"https:\/\/guadalhorceacademia.com\/index.php\/about\/"},"modified":"2023-09-04T19:55:31","modified_gmt":"2023-09-04T17:55:31","slug":"about","status":"publish","type":"page","link":"https:\/\/guadalhorceacademia.com\/index.php\/about\/","title":{"rendered":"Sobre nostros"},"content":{"rendered":"\n<div class=\"wp-block-uagb-container uagb-block-4cb6607b alignfull uagb-is-root-container\"><div class=\"uagb-container-inner-blocks-wrap\">\n<div class=\"wp-block-uagb-advanced-heading uagb-block-c953f725\"><h1 class=\"uagb-heading-text\">Sobre nosotros<\/h1><\/div>\n<\/div><\/div>\n\n\n\n<div class=\"wp-block-uagb-container uagb-block-140f94f3 alignfull uagb-is-root-container\"><div class=\"uagb-container-inner-blocks-wrap\">\n<div class=\"wp-block-uagb-container uagb-block-9530d3bb\">\n<div class=\"wp-block-uagb-advanced-heading uagb-block-6ff1e384\"><h2 class=\"uagb-heading-text\">Guadalhorce Academia<\/h2><div class=\"uagb-separator\"><\/div><\/div>\n<\/div>\n\n\n\n<div class=\"wp-block-uagb-container uagb-block-a793359a\">\n<div class=\"wp-block-uagb-advanced-heading uagb-block-50c3e0f0\"><h5 class=\"uagb-heading-text\">Nacimos con el compromiso de ofrecer una educaci\u00f3n acad\u00e9micamente rigurosa a alumnos que saldr\u00e1n preparados para alcanzar sus objetivos. <\/h5><\/div>\n<\/div>\n<\/div><\/div>\n\n\n\n<div class=\"wp-block-uagb-container uagb-block-ec62eae4 alignfull uagb-is-root-container\"><div class=\"uagb-container-inner-blocks-wrap\">\n<div class=\"wp-block-uagb-container uagb-block-3d9a4e61\">\n<div class=\"wp-block-uagb-image alignleft uagb-block-fead6ed3 wp-block-uagb-image--layout-default wp-block-uagb-image--effect-static wp-block-uagb-image--align-left\"><figure class=\"wp-block-uagb-image__figure\"><img decoding=\"async\" srcset=\"http:\/\/guadalhorceacademia.com\/wp-content\/uploads\/2023\/09\/Default_ilustracin_de_joven_profesora_estilo_acuarela_0-683x1024.jpg \" sizes=\"(max-width: 480px) 150px\" src=\"http:\/\/guadalhorceacademia.com\/wp-content\/uploads\/2023\/09\/Default_ilustracin_de_joven_profesora_estilo_acuarela_0-683x1024.jpg\" alt=\"\" class=\"uag-image-924\" width=\"683\" height=\"1024\" title=\"\" loading=\"lazy\"\/><\/figure><\/div>\n<\/div>\n\n\n\n<div class=\"wp-block-uagb-container uagb-block-eff17faa\">\n<div class=\"wp-block-uagb-info-box uagb-block-0b8c7a4b uagb-infobox__content-wrap  uagb-infobox-icon-above-title uagb-infobox-image-valign-top\"><div class=\"uagb-ifb-content\"><div class=\"uagb-ifb-icon-wrap\"><svg xmlns=\"https:\/\/www.w3.org\/2000\/svg\" viewBox=\"0 0 448 512\"><path d=\"M96 224C84.72 224 74.05 226.3 64 229.9V224c0-35.3 28.7-64 64-64c17.67 0 32-14.33 32-32S145.7 96 128 96C57.42 96 0 153.4 0 224v96c0 53.02 42.98 96 96 96s96-42.98 96-96S149 224 96 224zM352 224c-11.28 0-21.95 2.305-32 5.879V224c0-35.3 28.7-64 64-64c17.67 0 32-14.33 32-32s-14.33-32-32-32c-70.58 0-128 57.42-128 128v96c0 53.02 42.98 96 96 96s96-42.98 96-96S405 224 352 224z\"><\/path><\/svg><\/div><div class=\"uagb-ifb-title-wrap\"><h3 class=\"uagb-ifb-title\">Queridos estudiantes, como fundadora de esta academia, quiero recordarles que su potencial es ilimitado. Cada d\u00eda de aprendizaje los acerca a sus metas. Con pasi\u00f3n y esfuerzo, pueden convertir sus sue\u00f1os en logros concretos. Conf\u00eden en s\u00ed mismos y aprovechen al m\u00e1ximo esta oportunidad educativa. \u00a1El futuro les pertenece!<\/h3><\/div><\/div><\/div>\n\n\n\n<div class=\"wp-block-uagb-advanced-heading uagb-block-bf85268f\"><h5 class=\"uagb-heading-text\">Susana Moreno \u2014 Profesora y Fundadora<\/h5><\/div>\n<\/div>\n<\/div><\/div>\n\n\n\n<div class=\"wp-block-uagb-container uagb-block-9f5db31c alignfull uagb-is-root-container\"><div class=\"uagb-container-inner-blocks-wrap\">\n<div class=\"wp-block-uagb-container uagb-block-fe6825b8\">\n<div class=\"wp-block-uagb-container uagb-block-91868f99\">\n<div class=\"wp-block-uagb-advanced-heading uagb-block-5afeb7c5\"><h6 class=\"uagb-heading-text\"><strong>Objetivo<\/strong><\/h6><\/div>\n<\/div>\n\n\n\n<div class=\"wp-block-uagb-container uagb-block-623c3077\">\n<div class=\"wp-block-uagb-advanced-heading uagb-block-98e1d011\"><p class=\"uagb-heading-text\">Desarrollar las capacidades y el potencial \u00fanicos de cada ni\u00f1o ofreci\u00e9ndole un programa educativo enriquecido.<\/p><\/div>\n<\/div>\n<\/div>\n\n\n\n<div class=\"wp-block-uagb-container uagb-block-529a042e\">\n<div class=\"wp-block-uagb-container uagb-block-0c830f7a\">\n<div class=\"wp-block-uagb-advanced-heading uagb-block-24def4c2\"><h6 class=\"uagb-heading-text\"><strong>Valores<\/strong><\/h6><\/div>\n<\/div>\n\n\n\n<div class=\"wp-block-uagb-container uagb-block-a1340797\">\n<div class=\"wp-block-uagb-advanced-heading uagb-block-3b8db3f5\"><p class=\"uagb-heading-text\">Tenemos una pedagog\u00eda moderna, relevante e inspira a los estudiantes a tener un futuro m\u00e1s brillante. Somos decididos en nuestro enfoque del aprendizaje, creativos en nuestra forma de pensar y audaces en nuestras ambiciones.<\/p><\/div>\n<\/div>\n<\/div>\n\n\n\n<div class=\"wp-block-uagb-container uagb-block-d845affd\">\n<div class=\"wp-block-uagb-container uagb-block-dc5b1d57\">\n<div class=\"wp-block-uagb-advanced-heading uagb-block-bf3e6e41\"><h6 class=\"uagb-heading-text\"><strong>Filosof\u00eda<\/strong><\/h6><\/div>\n<\/div>\n\n\n\n<div class=\"wp-block-uagb-container uagb-block-36e150a1\">\n<div class=\"wp-block-uagb-advanced-heading uagb-block-93ebef89\"><p class=\"uagb-heading-text\">Seguimos un enfoque educativo centrado en el alumnado. Nos aseguramos de que se base en metodolog\u00edas eficaces y eficientes.. Creemos las alumnas y los alumnos son curioso capaces de desarrollar el aprendizaje en un entorno seguro, de apoyo y cuidadosamente preparado, sean cuales sean sus competencias y su punto de partida.<\/p><\/div>\n<\/div>\n<\/div>\n<\/div><\/div>\n","protected":false},"excerpt":{"rendered":"<p>Sobre nosotros Guadalhorce Academia Nacimos con el compromiso de ofrecer una educaci\u00f3n acad\u00e9micamente rigurosa a alumnos que saldr\u00e1n preparados para alcanzar sus objetivos. Susana Moreno \u2014 Profesora y Fundadora Objetivo Desarrollar las capacidades y el potencial \u00fanicos de cada ni\u00f1o ofreci\u00e9ndole un programa educativo enriquecido. Valores Tenemos una pedagog\u00eda moderna, relevante e inspira a los &hellip;<\/p>\n<p class=\"read-more\"> <a class=\"\" href=\"https:\/\/guadalhorceacademia.com\/index.php\/about\/\"> <span class=\"screen-reader-text\">Sobre nostros<\/span> Leer m\u00e1s &raquo;<\/a><\/p>\n","protected":false},"author":1,"featured_media":0,"parent":0,"menu_order":0,"comment_status":"closed","ping_status":"closed","template":"","meta":{"_uag_custom_page_level_css":"","site-sidebar-layout":"no-sidebar","site-content-layout":"plain-container","ast-site-content-layout":"normal-width-container","site-content-style":"unboxed","site-sidebar-style":"unboxed","ast-global-header-display":"","ast-banner-title-visibility":"","ast-main-header-display":"","ast-hfb-above-header-display":"","ast-hfb-below-header-display":"","ast-hfb-mobile-header-display":"","site-post-title":"disabled","ast-breadcrumbs-content":"","ast-featured-img":"","footer-sml-layout":"","theme-transparent-header-meta":"default","adv-header-id-meta":"","stick-header-meta":"","header-above-stick-meta":"","header-main-stick-meta":"","header-below-stick-meta":"","astra-migrate-meta-layouts":"set","footnotes":""},"uagb_featured_image_src":{"full":false,"thumbnail":false,"medium":false,"medium_large":false,"large":false,"1536x1536":false,"2048x2048":false},"uagb_author_info":{"display_name":"guadalhorceacademia.com","author_link":"https:\/\/guadalhorceacademia.com\/index.php\/author\/guadalhorceacademia-com\/"},"uagb_comment_info":0,"uagb_excerpt":"Sobre nosotros Guadalhorce Academia Nacimos con el compromiso de ofrecer una educaci\u00f3n acad\u00e9micamente rigurosa a alumnos que saldr\u00e1n preparados para alcanzar sus objetivos. Susana Moreno \u2014 Profesora y Fundadora Objetivo Desarrollar las capacidades y el potencial \u00fanicos de cada ni\u00f1o ofreci\u00e9ndole un programa educativo enriquecido. Valores Tenemos una pedagog\u00eda moderna, relevante e inspira a los&hellip;","_links":{"self":[{"href":"https:\/\/guadalhorceacademia.com\/index.php\/wp-json\/wp\/v2\/pages\/62"}],"collection":[{"href":"https:\/\/guadalhorceacademia.com\/index.php\/wp-json\/wp\/v2\/pages"}],"about":[{"href":"https:\/\/guadalhorceacademia.com\/index.php\/wp-json\/wp\/v2\/types\/page"}],"author":[{"embeddable":true,"href":"https:\/\/guadalhorceacademia.com\/index.php\/wp-json\/wp\/v2\/users\/1"}],"replies":[{"embeddable":true,"href":"https:\/\/guadalhorceacademia.com\/index.php\/wp-json\/wp\/v2\/comments?post=62"}],"version-history":[{"count":6,"href":"https:\/\/guadalhorceacademia.com\/index.php\/wp-json\/wp\/v2\/pages\/62\/revisions"}],"predecessor-version":[{"id":925,"href":"https:\/\/guadalhorceacademia.com\/index.php\/wp-json\/wp\/v2\/pages\/62\/revisions\/925"}],"wp:attachment":[{"href":"https:\/\/guadalhorceacademia.com\/index.php\/wp-json\/wp\/v2\/media?parent=62"}],"curies":[{"name":"wp","href":"https:\/\/api.w.org\/{rel}","templated":true}]}}