{"id":108,"date":"2021-05-18T11:36:35","date_gmt":"2021-05-18T11:36:35","guid":{"rendered":"https:\/\/guadalhorceacademia.com\/index.php\/home\/"},"modified":"2023-09-02T11:40:04","modified_gmt":"2023-09-02T09:40:04","slug":"home","status":"publish","type":"page","link":"https:\/\/guadalhorceacademia.com\/","title":{"rendered":"Academia Guadalhorce"},"content":{"rendered":"\n<div class=\"wp-block-uagb-container uagb-block-e28404ee alignfull uagb-is-root-container\"><div class=\"uagb-container-inner-blocks-wrap\">\n<div class=\"wp-block-uagb-advanced-heading uagb-block-43c6cbba\"><div class=\"uagb-separator\"><\/div><h2 class=\"uagb-heading-text\"><strong>GUADALHORCE Academia<\/strong><\/h2><\/div>\n\n\n\n<div class=\"wp-block-uagb-buttons uagb-buttons__outer-wrap uagb-btn__default-btn uagb-btn-tablet__default-btn uagb-btn-mobile__default-btn uagb-block-f9bcef70\"><div class=\"uagb-buttons__wrap uagb-buttons-layout-wrap\">\n<div class=\"wp-block-uagb-buttons-child uagb-buttons__outer-wrap uagb-block-67f80df0 wp-block-button\"><div class=\"uagb-button__wrapper\"><a class=\"uagb-buttons-repeater wp-block-button__link\" href=\"#\" onclick=\"return false;\" rel=\"follow noopener\" target=\"_self\"><div class=\"uagb-button__link\">RESERVA TU HORARIO DE CLASE<\/div><\/a><\/div><\/div>\n<\/div><\/div>\n<\/div><\/div>\n\n\n\n<div class=\"wp-block-uagb-container uagb-block-00d01816 alignfull uagb-is-root-container\"><div class=\"uagb-container-inner-blocks-wrap\">\n<div class=\"wp-block-uagb-advanced-heading uagb-block-002ca7eb\"><h2 class=\"uagb-heading-text\">Aprende con nosotros<\/h2><\/div>\n\n\n\n<div class=\"wp-block-uagb-container uagb-block-db6dcde7\">\n<div class=\"wp-block-uagb-advanced-heading uagb-block-4c8ef6dc\"><h5 class=\"uagb-heading-text\">En Academia Guadalhorce ofrecemos un entorno de apoyo e inspiraci\u00f3n para que las mentes  inquietas aprendan y crezcan con nosotros. Nuestra pasi\u00f3n por el aprendizaje significa que conseguimos m\u00e1s que resultados sobresalientes. Nos esforzamos por formar pensadores seguros de s\u00ed mismos y creativos, y nuestro objetivo es ofrecer una educaci\u00f3n que sea verdaderamente relevante para su futuro.<\/h5><\/div>\n<\/div>\n\n\n<!--noptimize-->\n        <script type=\"text\/javascript\">\n         var cp_hourbk_cancel_label = 'cancelar';\n         var cp_hourbk_quantity_label = 'Quantity';\n         var cp_hourbk_cost_label = 'Costo';\n         var cp_hourbk_overlapping_label = 'Selected time is no longer available. Please select a different time.';\n         var cp_hourbk_nomore_label = 'No more slots available.';\n         var cp_hourbk_avoid_overlapping = 0;\n         var apphboverbooking_handler0 = false;\n         function cp_appbooking_pform_doValidate_1(form)\n         {\n            try { if (document.cp_appbooking_pform_1.cp_appbooking_pform_status.value == '1') return false; } catch (e) {}\n            $dexQuery = jQuery.noConflict();\n            try { document.cp_appbooking_pform_1.cp_ref_page.value = document.location; } catch (e) {}\n            $dexQuery = jQuery.noConflict();            var result = '';\n            try {\n            if (!apphboverbooking_handler0) {\n            if (document.cp_appbooking_pform_1.hdcaptcha_cp_appbooking_post.value == '') { setTimeout( \"cp_appbooking_cerror_1()\", 100); return false; }\n            var result = $dexQuery.ajax({ type: \"GET\", url: \"https:\/\/guadalhorceacademia.com\/?ps=_1&cp_appbooking_pform_process=2&cp_appbooking_id=2&inAdmin=1&ps=_1&hdcaptcha_cp_appbooking_post=\"+document.cp_appbooking_pform_1.hdcaptcha_cp_appbooking_post.value, async: false }).responseText;            \n            }\n            } catch (e) {result='';console.log('AHB: Captcha not detected.');}\n            if (!apphboverbooking_handler0 && result.indexOf(\"captchafailed\") != -1) {\n                $dexQuery(\"#captchaimg_1\").attr('src', $dexQuery(\"#captchaimg_1\").attr('src')+'&'+Math.floor((Math.random() * 99999) + 1));\n                setTimeout( \"cp_appbooking_cerror_1()\", 100);\n                return false;\n            } else             {\n                var cpefb_error = 0;\n                $dexQuery(\"#cp_appbooking_pform_1\").find(\".cpefb_error\").each(function(index){\n                if ($dexQuery(this).css(\"display\")!=\"none\")\n                    cpefb_error++;\n                });\n                if (cpefb_error==0)\n                {\n                    if (!apphboverbooking_handler0)\n                    {\n                        try { document.cp_appbooking_pform_1.cp_appbooking_pform_status.value = '1';\t } catch (e) {}\n                        apphbblink_1(\".pbSubmit:visible\");\n                        $dexQuery(\"#cp_appbooking_pform_1\").find(\".avoid_overlapping_before\").not(\".ignore,.ignorepb\").removeClass(\"avoid_overlapping_before\").removeClass(\"valid\").addClass(\"avoid_overlapping\");\n                        cp_hourbk_avoid_overlapping = 1;\n                        try {\n                            $dexQuery(\"#cp_appbooking_pform_1\").find(\".avoid_overlapping\").valid();\n                        } catch (e) { cp_hourbk_avoid_overlapping = 0; }\n                        function check_cp_hourbk_avoid_overlapping(){\n\t\t                    if (cp_hourbk_avoid_overlapping>0)\n\t\t                        setTimeout(check_cp_hourbk_avoid_overlapping,100);\n\t\t                    else\n\t\t                    {\n                                var cpefb_error = 0;\n                                $dexQuery(\"#cp_appbooking_pform_1\").find(\".cpefb_error\").each(function(index){\n                                    if ($dexQuery(this).css(\"display\")!=\"none\")\n                                        cpefb_error++;\n                                    });\n                                try { document.cp_appbooking_pform_1.cp_appbooking_pform_status.value = '0';\t } catch (e) {}\n                                if (cpefb_error==0)\n                                {\n                                    apphboverbooking_handler0 = true;\n                                    if (cp_appbooking_pform_doValidate_1(form))\n                                    {\n                                        $dexQuery( \".pbSubmit\" ).unbind();\n                                        if ($dexQuery( \".pbSubmit\" ).hasClass(\"nofirst\"))\n                                            return false;\n                                        $dexQuery( \".pbSubmit\" ).addClass(\"nofirst\");\n                                        document.getElementById(\"cp_appbooking_pform_1\").submit();\n                                    }\n                                }\n\t\t                    }\n\t\t                }\n\t\t                check_cp_hourbk_avoid_overlapping();\n                        return false;\n                    }\n                    \t        \t\t$dexQuery(\"#cp_appbooking_pform_1\").find( '.ignore' ).closest( '.fields' ).remove();\n\t        \t}\n\t        \tdocument.getElementById(\"form_structure_1\").value = '';\n\t        \tdocument.getElementById(\"refpage_1\").value = document.location;\n                try {\n                    if (cpefb_error==0)\n                    {\n                        document.cp_appbooking_pform_1.cp_appbooking_pform_status.value = '1';\n                        apphbblink_1(\".pbSubmit\");\n                    }\n                } catch (e) {}\n                return true;\n            }\n         }\n         function apphbblink_1(selector){\n             try {\n                 $dexQuery = jQuery.noConflict();\n                 $dexQuery(selector).fadeOut(1000, function(){\n                     $dexQuery(this).fadeIn(1000, function(){\n                             try {\n                                 if (document.cp_appbooking_pform_1.cp_appbooking_pform_status.value != '0')\n                                     apphbblink_1(this);\n                             } catch (e) { console.log(e)}\n                     });\n                 });\n             } catch (e) {}\n         }\n         function cp_appbooking_cerror_1(){$dexQuery = jQuery.noConflict();$dexQuery(\"#hdcaptcha_error_1\").css('top',$dexQuery(\"#hdcaptcha_cp_appbooking_post_1\").outerHeight());$dexQuery(\"#hdcaptcha_error_1\").css(\"display\",\"inline\");}\n        <\/script><!--\/noptimize-->\n        <link rel='stylesheet' media=\"all\" href=\"https:\/\/guadalhorceacademia.com\/wp-content\/plugins\/appointment-hour-booking\/templates\/08\/style.css\" type=\"text\/css\" \/><form class=\"cpp_form\" name=\"cp_appbooking_pform_1\" id=\"cp_appbooking_pform_1\" action=\"\" method=\"post\" enctype=\"multipart\/form-data\" onsubmit=\"return cp_appbooking_pform_doValidate_1(this);\"><input type=\"hidden\" name=\"cp_pform_psequence\" value=\"_1\" \/><input type=\"hidden\" name=\"cp_appbooking_pform_process\" value=\"1\" \/><input type=\"hidden\" name=\"cp_appbooking_id\" value=\"2\" \/><input type=\"hidden\" name=\"cp_ref_page\" value=\"\" \/><input type=\"hidden\" name=\"form_structure_1\" id=\"form_structure_1\" size=\"180\" value=\"[[{&quot;form_identifier&quot;:&quot;&quot;,&quot;name&quot;:&quot;fieldname1&quot;,&quot;shortlabel&quot;:&quot;&quot;,&quot;index&quot;:0,&quot;ftype&quot;:&quot;fapp&quot;,&quot;userhelp&quot;:&quot;&quot;,&quot;userhelpTooltip&quot;:&quot;&quot;,&quot;csslayout&quot;:&quot;&quot;,&quot;title&quot;:&quot;RESERVA TU CLASE&quot;,&quot;services&quot;:[{&quot;name&quot;:&quot;Apoyo Educativo&quot;,&quot;price&quot;:0,&quot;capacity&quot;:&quot;10&quot;,&quot;duration&quot;:60,&quot;pb&quot;:0,&quot;pa&quot;:0,&quot;ohindex&quot;:0,&quot;idx&quot;:1}],&quot;openhours&quot;:[],&quot;allOH&quot;:[{&quot;name&quot;:&quot;Default&quot;,&quot;openhours&quot;:[{&quot;type&quot;:&quot;all&quot;,&quot;d&quot;:&quot;&quot;,&quot;h1&quot;:&quot;10&quot;,&quot;m1&quot;:&quot;0&quot;,&quot;h2&quot;:&quot;13&quot;,&quot;m2&quot;:&quot;0&quot;},{&quot;type&quot;:&quot;all&quot;,&quot;d&quot;:&quot;&quot;,&quot;h1&quot;:&quot;15&quot;,&quot;m1&quot;:&quot;30&quot;,&quot;h2&quot;:&quot;19&quot;,&quot;m2&quot;:&quot;30&quot;},{&quot;type&quot;:&quot;d6&quot;,&quot;d&quot;:&quot;&quot;,&quot;h1&quot;:&quot;9&quot;,&quot;m1&quot;:&quot;30&quot;,&quot;h2&quot;:&quot;12&quot;,&quot;m2&quot;:&quot;30&quot;}]}],&quot;dateFormat&quot;:&quot;dd\\\/mm\\\/yy&quot;,&quot;showDropdown&quot;:false,&quot;showTotalCost&quot;:false,&quot;showTotalCostFormat&quot;:&quot;$ {0}&quot;,&quot;showEndTime&quot;:true,&quot;showQuantity&quot;:false,&quot;usedSlotsCheckbox&quot;:false,&quot;avoidOverlaping&quot;:true,&quot;emptySelectCheckbox&quot;:false,&quot;emptySelect&quot;:&quot;-- Please select service --&quot;,&quot;dropdownRange&quot;:&quot;-10:+10&quot;,&quot;working_dates&quot;:[false,true,true,true,true,true,true],&quot;numberOfMonths&quot;:1,&quot;maxNumberOfApp&quot;:0,&quot;firstDay&quot;:&quot;1&quot;,&quot;minDate&quot;:&quot;0&quot;,&quot;maxDate&quot;:&quot;&quot;,&quot;defaultDate&quot;:&quot;&quot;,&quot;invalidDates&quot;:&quot;&quot;,&quot;tmpinvalidDates&quot;:&quot;&quot;,&quot;required&quot;:true,&quot;bSlotsCheckbox&quot;:true,&quot;bSlots&quot;:30,&quot;militaryTime&quot;:1,&quot;autonum&quot;:2,&quot;autonumStaff&quot;:0,&quot;fBuild&quot;:{},&quot;special_days&quot;:[],&quot;minDateTmp&quot;:&quot;0&quot;,&quot;getMinDate&quot;:{},&quot;tmpinvalidDatestime&quot;:[]},{&quot;form_identifier&quot;:&quot;&quot;,&quot;name&quot;:&quot;email&quot;,&quot;shortlabel&quot;:&quot;&quot;,&quot;index&quot;:1,&quot;ftype&quot;:&quot;femail&quot;,&quot;userhelp&quot;:&quot;&quot;,&quot;userhelpTooltip&quot;:&quot;&quot;,&quot;csslayout&quot;:&quot;&quot;,&quot;title&quot;:&quot;Email&quot;,&quot;predefined&quot;:&quot;&quot;,&quot;predefinedClick&quot;:false,&quot;required&quot;:true,&quot;size&quot;:&quot;medium&quot;,&quot;equalTo&quot;:&quot;&quot;,&quot;fBuild&quot;:{}},{&quot;form_identifier&quot;:&quot;&quot;,&quot;name&quot;:&quot;fieldname2&quot;,&quot;shortlabel&quot;:&quot;&quot;,&quot;index&quot;:2,&quot;ftype&quot;:&quot;ftext&quot;,&quot;userhelp&quot;:&quot;&quot;,&quot;userhelpTooltip&quot;:&quot;&quot;,&quot;csslayout&quot;:&quot;&quot;,&quot;title&quot;:&quot;Nombre y tel\\u00e9fono&quot;,&quot;predefined&quot;:&quot;&quot;,&quot;predefinedClick&quot;:false,&quot;required&quot;:true,&quot;size&quot;:&quot;medium&quot;,&quot;minlength&quot;:&quot;&quot;,&quot;maxlength&quot;:&quot;&quot;,&quot;equalTo&quot;:&quot;&quot;,&quot;fBuild&quot;:{}}],[{&quot;title&quot;:&quot;Reserva de Clases&quot;,&quot;description&quot;:&quot;Selecciona los d\\u00edas y horas que quieras asistir a clase&quot;,&quot;formlayout&quot;:&quot;top_aligned&quot;,&quot;formtemplate&quot;:&quot;ahb_m2&quot;,&quot;evalequations&quot;:1,&quot;autocomplete&quot;:1,&quot;autofocus&quot;:false}]]\" \/><input type=\"hidden\" name=\"refpage_1\" id=\"refpage_1\" value=\"\"><input type=\"hidden\" name=\"cp_appbooking_pform_status\" value=\"0\" \/><input name=\"anonce\" type=\"hidden\" value=\"054c00da78\"\/> \r\n<div id=\"fbuilder\">    \r\n    <div id=\"fbuilder_1\">\r\n        <div id=\"formheader_1\"><\/div>\r\n        <div id=\"fieldlist_1\"><\/div>\r\n    <\/div>\r\n<\/div>    \r\n<div style=\"display:none\">\r\n<div id=\"cpcaptchalayer_1\" class=\"cpcaptchalayer\">\r\n <div class=\"fields\" id=\"field-c0\" style=\"display:none\">\r\n    <label><\/label>\r\n    <div class=\"dfield\"><!--addons-payment-options--><\/div>\r\n    <div class=\"clearer\"><\/div>\r\n <\/div>\r\n  C\u00f3digo de Seguridad:<br \/>\r\n  <img decoding=\"async\" src=\"https:\/\/guadalhorceacademia.com\/?cp_appbooking_captcha=captcha&amp;ps=_1&amp;inAdmin=1&amp;width=180&amp;height=60&amp;letter_count=3&amp;min_size=25&amp;max_size=35&amp;noise=200&amp;noiselength=4&amp;bcolor=ffffff&amp;border=000000&amp;font=font3\"  id=\"captchaimg_1\" alt=\"security code\" border=\"0\" class=\"skip-lazy\" \/>\r\n  <br \/>Por favor entre el c\u00f3digo de seguridad:<br \/>\r\n  <div class=\"dfield\"><input type=\"text\" size=\"20\" name=\"hdcaptcha_cp_appbooking_post\" id=\"hdcaptcha_cp_appbooking_post_1\" value=\"\" autocomplete=\"off\" \/>\r\n  <div class=\"cpefb_error message\" id=\"hdcaptcha_error_1\" generated=\"true\" style=\"display:none;position: absolute; left: 0px; top: 25px;\">Please enter a valid captcha code.<\/div>\r\n  <\/div><br \/>\r\n<!-- rcadon -->\r\n<\/div>\r\n<\/div>\r\n<div id=\"cp_subbtn_1\" class=\"cp_subbtn\">Submit<\/div>\r\n<div style=\"clear:both;\"><\/div>\r\n<\/form>\r\n<\/div><\/div>\n\n\n\n<div class=\"wp-block-uagb-info-box uagb-block-376d147d uagb-infobox__content-wrap  uagb-infobox-icon-above-title uagb-infobox-image-valign-top\"><div class=\"uagb-ifb-content\"><div class=\"uagb-ifb-icon-wrap\"><svg xmlns=\"https:\/\/www.w3.org\/2000\/svg\" viewBox=\"0 0 448 512\"><path d=\"M96 224C84.72 224 74.05 226.3 64 229.9V224c0-35.3 28.7-64 64-64c17.67 0 32-14.33 32-32S145.7 96 128 96C57.42 96 0 153.4 0 224v96c0 53.02 42.98 96 96 96s96-42.98 96-96S149 224 96 224zM352 224c-11.28 0-21.95 2.305-32 5.879V224c0-35.3 28.7-64 64-64c17.67 0 32-14.33 32-32s-14.33-32-32-32c-70.58 0-128 57.42-128 128v96c0 53.02 42.98 96 96 96s96-42.98 96-96S405 224 352 224z\"><\/path><\/svg><\/div><div class=\"uagb-ifb-title-wrap\"><h3 class=\"uagb-ifb-title\">Nuestro objetivo es inspirar a nuestros alumnos para que sue\u00f1en m\u00e1s, aprendan m\u00e1s, hagan m\u00e1s y lleguen a ser m\u00e1s en sus trayectorias vitales.<\/h3><\/div><\/div><\/div>\n\n\n\n<div class=\"wp-block-uagb-advanced-heading uagb-block-dfb81608\"><h5 class=\"uagb-heading-text\">Susana Moreno \u2014 Profesora y fundadora<\/h5><\/div>\n\n\n\n<div class=\"wp-block-uagb-container uagb-block-4e66a5e1 alignfull uagb-is-root-container\"><div class=\"uagb-container-inner-blocks-wrap\">\n<div class=\"wp-block-uagb-container uagb-block-cf049bf6\">\n<div class=\"wp-block-uagb-container uagb-block-baef332a\">\n<div class=\"wp-block-uagb-info-box uagb-block-b37a8ab5 uagb-infobox__content-wrap  uagb-infobox-icon-above-title uagb-infobox-image-valign-top\"><div class=\"uagb-ifb-content\"><div class=\"uagb-ifb-image-content\"><img decoding=\"async\" src=\"http:\/\/guadalhorceacademia.com\/wp-content\/uploads\/2023\/08\/DreamShaper_v7_illustration_of_a_group_of_young_people_studyin_0-300x300.jpg\" alt=\"\" width=\"300\" height=\"300\" loading=\"lazy\"\/><\/div><div class=\"uagb-ifb-title-wrap\"><h4 class=\"uagb-ifb-title\">Apoyo Educativo Primaria y Secundaria<\/h4><\/div><p class=\"uagb-ifb-desc\">Refuerzo de todas las materias (especialmente las troncales) de Primaria y Secundaria<\/p><\/div><\/div>\n<\/div>\n\n\n\n<div class=\"wp-block-uagb-container uagb-block-1fd4bd5b\">\n<div class=\"wp-block-uagb-info-box uagb-block-3f5b21b9 uagb-infobox__content-wrap  uagb-infobox-icon-above-title uagb-infobox-image-valign-top\"><div class=\"uagb-ifb-content\"><div class=\"uagb-ifb-image-content\"><img decoding=\"async\" src=\"http:\/\/guadalhorceacademia.com\/wp-content\/uploads\/2023\/08\/DreamShaper_v7_illustration_of_a_student_proudly_displaying_an_1-300x300.jpg\" alt=\"\" width=\"300\" height=\"300\" loading=\"lazy\"\/><\/div><div class=\"uagb-ifb-title-wrap\"><h4 class=\"uagb-ifb-title\">Ingl\u00e9s B1, B2<\/h4><\/div><p class=\"uagb-ifb-desc\">Preparaci\u00f3n para la obtenci\u00f3n de la titulaci\u00f3n en lengua inglesa<\/p><\/div><\/div>\n<\/div>\n\n\n\n<div class=\"wp-block-uagb-container uagb-block-76a51fa3\">\n<div class=\"wp-block-uagb-info-box uagb-block-41f37485 uagb-infobox__content-wrap  uagb-infobox-icon-above-title uagb-infobox-image-valign-top\"><div class=\"uagb-ifb-content\"><div class=\"uagb-ifb-image-content\"><img decoding=\"async\" src=\"http:\/\/guadalhorceacademia.com\/wp-content\/uploads\/2023\/08\/DreamShaper_v7_illustration_adult_students_taking_an_important_1-300x300.jpg\" alt=\"\" width=\"300\" height=\"300\" loading=\"lazy\"\/><\/div><div class=\"uagb-ifb-title-wrap\"><h4 class=\"uagb-ifb-title\">Pruebas libre<\/h4><\/div><p class=\"uagb-ifb-desc\">Preparaci\u00f3n de las pruebas libres para titular en ESO, de acceso a Grado Medio y Superior, acceso universidad (mayores 25 a\u00f1os).<\/p><\/div><\/div>\n<\/div>\n\n\n\n<div class=\"wp-block-uagb-container uagb-block-64d43767\">\n<div class=\"wp-block-uagb-info-box uagb-block-2ca2ec1d uagb-infobox__content-wrap  uagb-infobox-icon-above-title uagb-infobox-image-valign-top\"><div class=\"uagb-ifb-content\"><div class=\"uagb-ifb-image-content\"><img decoding=\"async\" src=\"http:\/\/guadalhorceacademia.com\/wp-content\/uploads\/2023\/08\/DreamShaper_v7_illustration_of_a_group_of_happy_young_european_0-300x300.jpg\" alt=\"\" width=\"300\" height=\"300\" loading=\"lazy\"\/><\/div><div class=\"uagb-ifb-title-wrap\"><h4 class=\"uagb-ifb-title\">Acceso al Ej\u00e9rcito<\/h4><\/div><p class=\"uagb-ifb-desc\">Preparaci\u00f3n de la parte te\u00f3rica para acceder a la carrera militar desde Tropa y Mariner\u00eda<\/p><\/div><\/div>\n<\/div>\n\n\n\n<div class=\"wp-block-uagb-container uagb-block-62ee793f\">\n<div class=\"wp-block-uagb-info-box uagb-block-4ea11c7f uagb-infobox__content-wrap  uagb-infobox-icon-above-title uagb-infobox-image-valign-top\"><div class=\"uagb-ifb-content\"><div class=\"uagb-ifb-image-content\"><img decoding=\"async\" src=\"http:\/\/guadalhorceacademia.com\/wp-content\/uploads\/2023\/08\/DreamShaper_v7_illustration_of_a_group_of_young_children_paint_0-300x300.jpg\" alt=\"\" width=\"300\" height=\"300\" loading=\"lazy\"\/><\/div><div class=\"uagb-ifb-title-wrap\"><h4 class=\"uagb-ifb-title\">Apoyo Educaci\u00f3n Infantil<\/h4><\/div><p class=\"uagb-ifb-desc\">Inicio en lectoescritura, destrezas y competencias b\u00e1sicas acordes a sus capacidades.<\/p><\/div><\/div>\n<\/div>\n\n\n\n<div class=\"wp-block-uagb-container uagb-block-23ef22e8\">\n<div class=\"wp-block-uagb-info-box uagb-block-6537e360 uagb-infobox__content-wrap  uagb-infobox-icon-above-title uagb-infobox-image-valign-top\"><div class=\"uagb-ifb-content\"><div class=\"uagb-ifb-image-content\"><img decoding=\"async\" src=\"http:\/\/guadalhorceacademia.com\/wp-content\/uploads\/2023\/08\/DreamShaper_v7_illustration_of_the_concept_of_reading_comprehe_1-300x300.jpg\" alt=\"\" width=\"300\" height=\"300\" loading=\"lazy\"\/><\/div><div class=\"uagb-ifb-title-wrap\"><h4 class=\"uagb-ifb-title\">Talleres<\/h4><\/div><p class=\"uagb-ifb-desc\">Aprender a gestionar el tiempo de estudio, gesti\u00f3n de TICs (m\u00f3vil), comprensi\u00f3n lectora, establecimiento de metas y opciones educativas y profesionales<\/p><\/div><\/div>\n<\/div>\n<\/div>\n<\/div><\/div>\n\n\n\n<div class=\"wp-block-uagb-container uagb-block-ff639274 alignfull uagb-is-root-container\"><div class=\"uagb-container-inner-blocks-wrap\">\n<div class=\"wp-block-uagb-container uagb-block-f8da8962 alignwide uagb-is-root-container\">\n<div class=\"wp-block-uagb-advanced-heading uagb-block-72a0bf03\"><div class=\"uagb-separator\"><\/div><h3 class=\"uagb-heading-text\">\u00bfQuieres saber m\u00e1s? Preg\u00fantanos<\/h3><\/div>\n\n\n<div class=\"wpforms-container wpforms-block wpforms-block-b347c522-4843-4059-888b-ec0a5d8948db inline-fields\" id=\"wpforms-6\"><form id=\"wpforms-form-6\" class=\"wpforms-validate wpforms-form\" data-formid=\"6\" method=\"post\" enctype=\"multipart\/form-data\" action=\"\/index.php\/wp-json\/wp\/v2\/pages\/108\" data-token=\"6e392d9f7cee2564e147d5c7fb2835b9\"><noscript class=\"wpforms-error-noscript\">Por favor, activa JavaScript en tu navegador para completar este formulario.<\/noscript><div class=\"wpforms-field-container\"><div id=\"wpforms-6-field_1-container\" class=\"wpforms-field wpforms-field-email\" data-field-id=\"1\"><label class=\"wpforms-field-label wpforms-label-hide\" for=\"wpforms-6-field_1\">Email <span class=\"wpforms-required-label\">*<\/span><\/label><input type=\"email\" id=\"wpforms-6-field_1\" class=\"wpforms-field-large wpforms-field-required\" name=\"wpforms[fields][1]\" placeholder=\"Email Address\" spellcheck=\"false\" required><\/div><\/div><!-- .wpforms-field-container --><div class=\"wpforms-submit-container\" ><input type=\"hidden\" name=\"wpforms[id]\" value=\"6\"><input type=\"hidden\" name=\"wpforms[author]\" value=\"1\"><button type=\"submit\" name=\"wpforms[submit]\" id=\"wpforms-submit-6\" class=\"wpforms-submit\" data-alt-text=\"Processing...\" data-submit-text=\"Subscribe\" aria-live=\"assertive\" value=\"wpforms-submit\">Subscribe<\/button><\/div><\/form><\/div>  <!-- .wpforms-container --><\/div>\n<\/div><\/div>\n\n\n\n<div class=\"wp-block-uagb-container uagb-block-7066e22f alignfull uagb-is-root-container\"><div class=\"uagb-container-inner-blocks-wrap\"><\/div><\/div>\n","protected":false},"excerpt":{"rendered":"<p>GUADALHORCE Academia Aprende con nosotros En Academia Guadalhorce ofrecemos un entorno de apoyo e inspiraci\u00f3n para que las mentes inquietas aprendan y crezcan con nosotros. Nuestra pasi\u00f3n por el aprendizaje significa que conseguimos m\u00e1s que resultados sobresalientes. Nos esforzamos por formar pensadores seguros de s\u00ed mismos y creativos, y nuestro objetivo es ofrecer una educaci\u00f3n &hellip;<\/p>\n<p class=\"read-more\"> <a class=\"\" href=\"https:\/\/guadalhorceacademia.com\/\"> <span class=\"screen-reader-text\">Academia Guadalhorce<\/span> Leer m\u00e1s &raquo;<\/a><\/p>\n","protected":false},"author":1,"featured_media":0,"parent":0,"menu_order":0,"comment_status":"closed","ping_status":"closed","template":"","meta":{"_uag_custom_page_level_css":"","site-sidebar-layout":"no-sidebar","site-content-layout":"plain-container","ast-site-content-layout":"normal-width-container","site-content-style":"unboxed","site-sidebar-style":"unboxed","ast-global-header-display":"","ast-banner-title-visibility":"","ast-main-header-display":"","ast-hfb-above-header-display":"","ast-hfb-below-header-display":"","ast-hfb-mobile-header-display":"","site-post-title":"disabled","ast-breadcrumbs-content":"","ast-featured-img":"disabled","footer-sml-layout":"","theme-transparent-header-meta":"default","adv-header-id-meta":"","stick-header-meta":"","header-above-stick-meta":"","header-main-stick-meta":"","header-below-stick-meta":"","astra-migrate-meta-layouts":"set","footnotes":""},"uagb_featured_image_src":{"full":false,"thumbnail":false,"medium":false,"medium_large":false,"large":false,"1536x1536":false,"2048x2048":false},"uagb_author_info":{"display_name":"guadalhorceacademia.com","author_link":"https:\/\/guadalhorceacademia.com\/index.php\/author\/guadalhorceacademia-com\/"},"uagb_comment_info":0,"uagb_excerpt":"GUADALHORCE Academia Aprende con nosotros En Academia Guadalhorce ofrecemos un entorno de apoyo e inspiraci\u00f3n para que las mentes inquietas aprendan y crezcan con nosotros. Nuestra pasi\u00f3n por el aprendizaje significa que conseguimos m\u00e1s que resultados sobresalientes. Nos esforzamos por formar pensadores seguros de s\u00ed mismos y creativos, y nuestro objetivo es ofrecer una educaci\u00f3n&hellip;","_links":{"self":[{"href":"https:\/\/guadalhorceacademia.com\/index.php\/wp-json\/wp\/v2\/pages\/108"}],"collection":[{"href":"https:\/\/guadalhorceacademia.com\/index.php\/wp-json\/wp\/v2\/pages"}],"about":[{"href":"https:\/\/guadalhorceacademia.com\/index.php\/wp-json\/wp\/v2\/types\/page"}],"author":[{"embeddable":true,"href":"https:\/\/guadalhorceacademia.com\/index.php\/wp-json\/wp\/v2\/users\/1"}],"replies":[{"embeddable":true,"href":"https:\/\/guadalhorceacademia.com\/index.php\/wp-json\/wp\/v2\/comments?post=108"}],"version-history":[{"count":31,"href":"https:\/\/guadalhorceacademia.com\/index.php\/wp-json\/wp\/v2\/pages\/108\/revisions"}],"predecessor-version":[{"id":926,"href":"https:\/\/guadalhorceacademia.com\/index.php\/wp-json\/wp\/v2\/pages\/108\/revisions\/926"}],"wp:attachment":[{"href":"https:\/\/guadalhorceacademia.com\/index.php\/wp-json\/wp\/v2\/media?parent=108"}],"curies":[{"name":"wp","href":"https:\/\/api.w.org\/{rel}","templated":true}]}}